{"id":4609,"date":"2019-08-12T15:05:14","date_gmt":"2019-08-12T12:05:14","guid":{"rendered":"https:\/\/web-dev.iptp.com\/?page_id=4609"},"modified":"2026-03-18T05:58:54","modified_gmt":"2026-03-18T02:58:54","slug":"legal","status":"publish","type":"page","link":"https:\/\/web.mia.iptp.net\/vi\/support\/legal\/","title":{"rendered":"Ph\u00e1p l\u00fd"},"content":{"rendered":"<div class=\"pt-4 pt-lg-5\" style=\"background:url('\/wp-content\/uploads\/policies.jpg'); no-repeat center\/cover;\">\n<div class=\"pt-5\">\n<p class=\"py-5 mt-lg-5 ms-4 ms-lg-5 fs-2\">C&aacute;c ch&iacute;nh s&aacute;ch<br>v&agrave; quy &#273;&#7883;nh ph&aacute;p l&yacute;<\/p>\n<\/div>\n<\/div><p>C&aacute;c ch&iacute;nh s&aacute;ch c&#7911;a IPTP Networks:<\/p><p><a href=\"https:\/\/web.mia.iptp.net\/vi\/support\/legal\/gsa\/\"><strong>Nguy&ecirc;n t&#7855;c cung c&#7845;p d&#7883;ch v&#7909; to&agrave;n c&#7847;u<\/strong><\/a><\/p><p>Th&ocirc;ng tin v&#7873; c&aacute;c &#272;i&#7873;u kho&#7843;n v&agrave; &#272;i&#7873;u ki&#7879;n c&#7911;a Th&#7887;a thu&#7853;n D&#7883;ch v&#7909; T&#7893;ng th&#7875; To&agrave;n c&#7847;u c&#7911;a IPTP Networks.<\/p><p><a href=\"https:\/\/web.mia.iptp.net\/vi\/support\/legal\/peering-policy\/\"><strong>Ch&iacute;nh s&aacute;ch Peering c&#7911;a IPTP Networks<\/strong><\/a><\/p><p>C&aacute;c Y&ecirc;u c&#7847;u v&#7873; K&#7871;t N&#7889;i M&#7841;ng v&agrave; V&#7853;n h&agrave;nh cho c&aacute;c &#273;&#7889;i t&aacute;c mu&#7889;n thi&#7871;t l&#7853;p k&#7871;t n&#7889;i peering kh&ocirc;ng t&#7889;n ph&iacute; v&#7899;i IPTP Networks.<\/p><p><a href=\"https:\/\/web.mia.iptp.net\/vi\/support\/legal\/privacy-notice\/\"><strong>Ch&iacute;nh s&aacute;ch quy&#7873;n ri&ecirc;ng t&#432;<\/strong><\/a><\/p><p>IPTP Networks t&ocirc;n tr&#7885;ng quy&#7873;n ri&ecirc;ng t&#432; c&#7911;a m&#7895;i c&aacute; nh&acirc;n v&agrave; t&#7893; ch&#7913;c, v&igrave; th&#7871; ch&uacute;ng t&ocirc;i lu&ocirc;n c&#7889; g&#7855;ng b&#7843;o v&#7879; to&agrave;n b&#7897; th&ocirc;ng tin trong v&agrave; sau khi cung c&#7845;p d&#7883;ch v&#7909; cho kh&aacute;ch h&agrave;ng.<\/p><p><a href=\"https:\/\/web.mia.iptp.net\/vi\/iptp-acceptable-use-policy\/\"><strong>Ch&iacute;nh s&aacute;ch s&#7917; d&#7909;ng &#273;&#432;&#7907;c ch&#7845;p nh&#7853;n<\/strong><\/a><\/p><p>M&ocirc; t&#7843; m&#7909;c &#273;&iacute;ch s&#7917; d&#7909;ng b&#7883; c&#7845;m &#273;&#7889;i v&#7899;i ng&#432;&#7901;i s&#7917; d&#7909;ng c&aacute;c s&#7843;n ph&#7849;m v&agrave; d&#7883;ch v&#7909; c&#7911;a IPTP Networks.<\/p><p><a href=\"https:\/\/web.mia.iptp.net\/vi\/support\/legal\/cookie-policy\/\"><strong>Ch&iacute;nh s&aacute;ch Cookie<\/strong><\/a><\/p><p>Cookie &#273;&#432;&#7907;c s&#7917; d&#7909;ng &#273;&#7875; gi&uacute;p vi&#7879;c &#273;i&#7873;u h&#432;&#7899;ng trang web hi&#7879;u qu&#7843; h&#417;n, ghi nh&#7899; nh&#7919;ng tu&#7923; ch&#7881;nh c&#7911;a b&#7841;n v&agrave; c&#7843;i thi&#7879;n tr&#7843;i nghi&#7879;m ng&#432;&#7901;i d&ugrave;ng.<\/p><p><strong>Qu&#7843;n tr&#7883; ch&#7845;t l&#432;&#7907;ng d&#7883;ch v&#7909;<\/strong><\/p><p>V&#7873; c&#417; b&#7843;n, Qu&#7843;n tr&#7883; ch&#7845;t l&#432;&#7907;ng d&#7883;ch v&#7909; &#273;&aacute;nh gi&aacute; v&agrave; c&#7843;i thi&#7879;n d&#7883;ch v&#7909; nh&#7857;m n&acirc;ng cao ch&#7845;t l&#432;&#7907;ng d&#7883;ch v&#7909; trong t&#432;&#417;ng lai, bao g&#7891;m x&aacute;c &#273;&#7883;nh c&aacute;c v&#7845;n &#273;&#7873; v&agrave; ti&#7871;n h&agrave;nh s&#7917;a ch&#7917;a &#273;&#7875; &#273;&#7843;m b&#7843;o l&#7907;i &iacute;ch cho t&#7845;t c&#7843; c&aacute;c kh&aacute;ch h&agrave;ng<\/p><p class=\"text-primary\"><strong>Gi&#7845;y ph&eacute;p Bolivian ISP c&#7911;a IPTP Networks S.R.L<\/strong><\/p><ul>\n<li><a href=\"\/wp-content\/uploads\/modelo-de-contrato.pdf\" class=\"d-inline-block\" target=\"_blank\" rel=\"noopener\">M&#7851;u h&#7907;p &#273;&#7891;ng<\/a><\/li>\n<li><a href=\"\/wp-content\/uploads\/terminos-y-condiciones.pdf\" class=\"d-inline-block\" target=\"_blank\" rel=\"noopener\">C&aacute;c &#273;i&#7873;u kho&#7843;n v&agrave; &#273;i&#7873;u ki&#7879;n<\/a><\/li>\n<\/ul>\n","protected":false},"excerpt":{"rendered":"<p>Kh\u00e1m ph\u00e1 c\u00e1c t\u00e0i nguy\u00ean n\u00e0y \u0111\u1ec3 t\u00ecm hi\u1ec3u th\u00eam v\u1ec1 ch\u00ednh s\u00e1ch M\u1ea1ng IPTP:<\/p>\n<p> \t  H\u1ee3p \u0111\u1ed3ng d\u1ecbch v\u1ee5 t\u1ed5ng th\u1ec3 to\u00e0n c\u1ea7u<br \/>\n \t  Ch\u00ednh &#8230;<\/p>\n","protected":false},"author":1,"featured_media":0,"parent":77,"menu_order":0,"comment_status":"closed","ping_status":"closed","template":"","meta":[],"acf":[],"aioseo_notices":[],"_links":{"self":[{"href":"https:\/\/web.mia.iptp.net\/vi\/wp-json\/wp\/v2\/pages\/4609"}],"collection":[{"href":"https:\/\/web.mia.iptp.net\/vi\/wp-json\/wp\/v2\/pages"}],"about":[{"href":"https:\/\/web.mia.iptp.net\/vi\/wp-json\/wp\/v2\/types\/page"}],"author":[{"embeddable":true,"href":"https:\/\/web.mia.iptp.net\/vi\/wp-json\/wp\/v2\/users\/1"}],"replies":[{"embeddable":true,"href":"https:\/\/web.mia.iptp.net\/vi\/wp-json\/wp\/v2\/comments?post=4609"}],"version-history":[{"count":220,"href":"https:\/\/web.mia.iptp.net\/vi\/wp-json\/wp\/v2\/pages\/4609\/revisions"}],"predecessor-version":[{"id":39178,"href":"https:\/\/web.mia.iptp.net\/vi\/wp-json\/wp\/v2\/pages\/4609\/revisions\/39178"}],"up":[{"embeddable":true,"href":"https:\/\/web.mia.iptp.net\/vi\/wp-json\/wp\/v2\/pages\/77"}],"wp:attachment":[{"href":"https:\/\/web.mia.iptp.net\/vi\/wp-json\/wp\/v2\/media?parent=4609"}],"curies":[{"name":"wp","href":"https:\/\/api.w.org\/{rel}","templated":true}]}}